{"id":113,"date":"2017-01-17T00:29:41","date_gmt":"2017-01-16T23:29:41","guid":{"rendered":"http:\/\/www.domina-escort.at\/fiona\/?page_id=113"},"modified":"2017-02-12T16:41:09","modified_gmt":"2017-02-12T15:41:09","slug":"empfehlungen","status":"publish","type":"page","link":"http:\/\/www.domina-escort.at\/fiona\/empfehlungen\/","title":{"rendered":"Empfehlungen"},"content":{"rendered":"<h3>Hier gibt es Links zu den Seiten, oder auch Locations, die ich empfehle<\/h3>\n<p>&nbsp;<\/p>\n<figure id=\"attachment_125\" aria-describedby=\"caption-attachment-125\" style=\"width: 300px\" class=\"wp-caption alignright\"><a href=\"http:\/\/www.fetishpoint.at\/\" target=\"_blank\"><img loading=\"lazy\" decoding=\"async\" class=\"wp-image-125 size-medium\" src=\"http:\/\/www.domina-escort.at\/fiona\/wp-content\/uploads\/atelier-mystique_start01_300-300x200.jpg\" width=\"300\" height=\"200\"><\/a><figcaption id=\"caption-attachment-125\" class=\"wp-caption-text\">Atelier Mystique<\/figcaption><\/figure>\n<p>An erster Stelle kommt da das Atelier Mystique (mit der hilfreichen Lady Esther, ohne deren Unterst\u00fctzung es diese Webseite nicht gegeben h\u00e4tte. Erst durch ihre kompetente Mitwirkung kamen die Fotos in den bzw. das Licht aus dem Kasten)<\/p>\n<p>Die Webadresse des Atelier Mystique, <strong>welches ich auch ausdr\u00fccklich als &#8222;Spieladresse&#8220; empfehle<\/strong> lautet <a href=\"http:\/\/www.fetishpoint.at\/\">http:\/\/www.fetishpoint.at\/<\/a><\/p>\n<p>Wer dort keine Lust zum Spielen empfindet, sollte seinen Arzt oder Apotheker um Rat befragen&#8230;&#8230;<\/p>\n<figure id=\"attachment_165\" aria-describedby=\"caption-attachment-165\" style=\"width: 200px\" class=\"wp-caption alignleft\"><a href=\"http:\/\/www.tantra-escort.at\" target=\"_blank\"><img loading=\"lazy\" decoding=\"async\" class=\"wp-image-165 size-medium\" src=\"http:\/\/www.domina-escort.at\/fiona\/wp-content\/uploads\/Tuch-200x300.jpg\" alt=\"Tantra Escort in Wien\" width=\"200\" height=\"300\" srcset=\"http:\/\/www.domina-escort.at\/fiona\/wp-content\/uploads\/Tuch-200x300.jpg 200w, http:\/\/www.domina-escort.at\/fiona\/wp-content\/uploads\/Tuch-370x556.jpg 370w, http:\/\/www.domina-escort.at\/fiona\/wp-content\/uploads\/Tuch.jpg 463w\" sizes=\"auto, (max-width: 200px) 100vw, 200px\" \/><\/a><figcaption id=\"caption-attachment-165\" class=\"wp-caption-text\">www.tantra-escort.at<\/figcaption><\/figure>\n<p>&nbsp;<\/p>\n<blockquote><p>Wenn Du auf der Suche nach einer tantrischen Massage in Wien und Umgebung bist, so empfehle ich Dir den Besuch dieser Seite <a href=\"http:\/\/www.tantra-escort.at\" target=\"_blank\">www.tantra-escort.at<\/a>&nbsp; Entspannende Wohlf\u00fchlerlebnisse der besonderen Art.<\/p>\n<p>Auch hier ist es m\u00f6glich, auf Wunsch oder bei Bedarf, einen Schuss Strenge zu erleben. Wehrlosmassagen k\u00f6nnen durchaus reizvoll sein, sind aber kein Muss.<\/p>\n<p>Interesse? Dann klicke auf das nebenstehende Bild und erfahre mehr&#8230;..<\/p><\/blockquote>\n<figure style=\"width: 332px\" class=\"wp-caption alignright\"><a href=\"http:\/\/www.hotel-orient.at\"><img loading=\"lazy\" decoding=\"async\" src=\"http:\/\/www.hotel-orient.at\/tl_files\/img\/bg_teaser_dasorient_4.png\" alt=\"Hotel Orient\" width=\"332\" height=\"398\"><\/a><figcaption class=\"wp-caption-text\">Hotel Orient<\/figcaption><\/figure>\n<p>&nbsp;<\/p>\n<blockquote><p><strong>Meine n\u00e4chste Empfehlung gilt dem Hotel Orient:<\/strong><\/p>\n<p>Zu finden unter <a href=\"http:\/\/www.hotel-orient.at\" target=\"_blank\">http:\/\/www.hotel-orient.at<\/a><\/p>\n<p>Hier gibt es Einiges zu Entdecken &#8211; Sauber, diskret und durchaus mit erotischem Flair!<\/p>\n<p>Mir gef\u00e4llt es in den dortigen R\u00e4umlichkeiten!<\/p>\n<p>Den Ruf, als wahrscheinlich sch\u00f6nstes Stundenhotel Wiens, kann ich nur best\u00e4tigen!<\/p>\n<p>Vielleicht buchst Du dort auch ein Zimmer f\u00fcr eine Session mit mir?<\/p><\/blockquote>\n<p>&nbsp;<\/p>\n<p><strong>Meine Banner:<\/strong><\/p>\n<p>&nbsp;<\/p>\n<p>Wir bitten Sie h\u00f6flich, nur den originalen und unver\u00e4nderten Bannercode (unten) zu verwenden.<\/p>\n<p>Bitte informieren Sie uns doch kurz per Email \u00fcber den Banner Einbau. Vielen Dank!<\/p>\n<p>Es stehen Ihnen folgende Banner zur Auswahl:<\/p>\n<p style=\"padding-left: 30px;\"><strong>Full Banner <\/strong><strong>468 x 60<\/strong><\/p>\n<p><img loading=\"lazy\" decoding=\"async\" class=\"aligncenter wp-image-413 size-full\" src=\"http:\/\/www.domina-escort.at\/fiona\/wp-content\/uploads\/Banner_Domina_Fiona1.jpg\" width=\"468\" height=\"60\" srcset=\"http:\/\/www.domina-escort.at\/fiona\/wp-content\/uploads\/Banner_Domina_Fiona1.jpg 468w, http:\/\/www.domina-escort.at\/fiona\/wp-content\/uploads\/Banner_Domina_Fiona1-300x38.jpg 300w, http:\/\/www.domina-escort.at\/fiona\/wp-content\/uploads\/Banner_Domina_Fiona1-370x47.jpg 370w\" sizes=\"auto, (max-width: 468px) 100vw, 468px\" \/><\/p>\n<p style=\"padding-left: 30px;\"><strong>Bannercode:<\/strong><\/p>\n<p>&lt;a href=&#8220;http:\/\/www.domina-escort.at&#8220; target=&#8220;_blank&#8220; title=&#8220;Domina Escort &#8211; Hausbesuch Hotelbesuch Wien&#8220;&gt; &lt;img src=&#8220;http:\/\/www.domina-escort.at\/fiona\/Banner_Domina_Fiona.jpg&#8220; border=&#8220;0&#8243; alt=&#8220;Domina Escort &#8211; Hausbesuch Hotelbesuch Wien\/&gt; &lt;\/a&gt;<\/p>\n<h3 style=\"text-align: center;\">Oder hier der Banner von meiner Tantra-Seite:<\/h3>\n<p style=\"padding-left: 30px;\"><strong>Full Banner <\/strong><strong>468 x 60<\/strong><\/p>\n<p><a href=\"http:\/\/www.tantra-escort.at\" target=\"_blank\"><img loading=\"lazy\" decoding=\"async\" class=\"wp-image-410 size-full aligncenter\" src=\"http:\/\/www.domina-escort.at\/fiona\/wp-content\/uploads\/Banner_Tantra_Fiona.jpg\" width=\"468\" height=\"60\" srcset=\"http:\/\/www.domina-escort.at\/fiona\/wp-content\/uploads\/Banner_Tantra_Fiona.jpg 468w, http:\/\/www.domina-escort.at\/fiona\/wp-content\/uploads\/Banner_Tantra_Fiona-300x38.jpg 300w, http:\/\/www.domina-escort.at\/fiona\/wp-content\/uploads\/Banner_Tantra_Fiona-370x47.jpg 370w\" sizes=\"auto, (max-width: 468px) 100vw, 468px\" \/><\/a><\/p>\n<p style=\"padding-left: 30px;\"><strong>Bannercode:<\/strong><\/p>\n<p>&lt;a href=&#8220;http:\/\/www.tantra-escort.at&#8220; target=&#8220;_blank&#8220; title=&#8220;Tantra Escort &#8211; Hausbesuch Hotelbesuch Wien&#8220;&gt; &lt;img src=&#8220;http:\/\/www.tantra-escort.at\/Banner_Tantra_Fiona.jpg&#8220; border=&#8220;0&#8243; alt=&#8220;Tantra Escort &#8211; Hausbesuch Hotelbesuch Wien\/&gt; &lt;\/a&gt;<\/p>\n<p>&nbsp;<\/p>\n<p>Bannerlinks:<\/p>\n<p>&nbsp;<\/p>\n<p><a title=\"Link zu DOMINA.WS - Dominaf\u00fchrer f\u00fcr Deutschland, \u00d6sterreich und die Schweiz\" href=\"http:\/\/www.domina.ws\" target=\"_blank\"><br \/>\n<img decoding=\"async\" class=\"aligncenter\" src=\"http:\/\/www.domina.ws\/_main\/gfx\/banner01.gif\" alt=\"DOMINA.WS - Dominaf\u00fchrer f\u00fcr Deutschland, \u00d6sterreich und die Schweiz\"><\/a><\/p>\n<p><a href=\"http:\/\/www.dominaguide.net\" target=\"_blank\"><img loading=\"lazy\" decoding=\"async\" class=\"aligncenter\" src=\"http:\/\/www.dominaguide.net\/gfx\/toplogo.jpg\" width=\"414\" height=\"60\"><\/a><\/p>\n","protected":false},"excerpt":{"rendered":"<p>Hier gibt es Links zu den Seiten, oder auch Locations, die ich empfehle &nbsp; An erster Stelle kommt da das Atelier Mystique (mit der hilfreichen Lady Esther, ohne deren Unterst\u00fctzung es diese Webseite nicht gegeben[&#8230;]<\/p>\n","protected":false},"author":1,"featured_media":0,"parent":0,"menu_order":7,"comment_status":"closed","ping_status":"closed","template":"","meta":{"ngg_post_thumbnail":0,"footnotes":""},"class_list":["post-113","page","type-page","status-publish","hentry"],"aioseo_notices":[],"_links":{"self":[{"href":"http:\/\/www.domina-escort.at\/fiona\/wp-json\/wp\/v2\/pages\/113","targetHints":{"allow":["GET"]}}],"collection":[{"href":"http:\/\/www.domina-escort.at\/fiona\/wp-json\/wp\/v2\/pages"}],"about":[{"href":"http:\/\/www.domina-escort.at\/fiona\/wp-json\/wp\/v2\/types\/page"}],"author":[{"embeddable":true,"href":"http:\/\/www.domina-escort.at\/fiona\/wp-json\/wp\/v2\/users\/1"}],"replies":[{"embeddable":true,"href":"http:\/\/www.domina-escort.at\/fiona\/wp-json\/wp\/v2\/comments?post=113"}],"version-history":[{"count":0,"href":"http:\/\/www.domina-escort.at\/fiona\/wp-json\/wp\/v2\/pages\/113\/revisions"}],"wp:attachment":[{"href":"http:\/\/www.domina-escort.at\/fiona\/wp-json\/wp\/v2\/media?parent=113"}],"curies":[{"name":"wp","href":"https:\/\/api.w.org\/{rel}","templated":true}]}}