{"id":12,"date":"2017-01-16T10:25:21","date_gmt":"2017-01-16T09:25:21","guid":{"rendered":"http:\/\/www.domina-escort.at\/fiona\/?page_id=12"},"modified":"2023-12-27T20:30:05","modified_gmt":"2023-12-27T19:30:05","slug":"domina-wien","status":"publish","type":"page","link":"http:\/\/www.domina-escort.at\/fiona\/","title":{"rendered":"Fiona &#8211; Domina in Wien und Nieder\u00f6sterreich"},"content":{"rendered":"<blockquote><p>dominante, erotische, aber auch konsequente Escort- oder Hausbesuche in und rund um Wien und in Nieder\u00f6sterreich&#8230;.<\/p>\n<p style=\"text-align: center;\"><span style=\"color: #ff0000; font-size: 14pt;\"><strong>Buchungen sind wieder m\u00f6glich!<\/strong><\/span><\/p>\n<\/blockquote>\n<p>Wenn die Vorstellung f\u00fcr Dich reizvoll ist, so solltest Du Dir ein wenig Zeit nehmen und auf meiner Seite verweilen.<\/p>\n<blockquote>\n<pre style=\"text-align: center;\"><span style=\"color: #0000ff; font-size: 14pt;\"><strong><span style=\"color: #ff0000;\">Bitte beachten:<\/span> \r\n<span style=\"font-size: 18pt;\">Um eine Erziehung durch mich zu erhalten \r\nist eine rechtzeitige Anmeldung unumg\u00e4nglich!<\/span>\r\n<\/strong><\/span><span style=\"color: #0000ff; font-size: 14pt;\"><strong>....\r\n\r\n  \r\n\r\n<\/strong><\/span><\/pre>\n<\/blockquote>\n<blockquote><p>Beachte bitte: Wenn Dich meine Webseite und das gebotene Service anspricht, so solltest Du baldigst einen Termin vereinbaren&#8230;&#8230;<\/p><\/blockquote>\n<p>Mein Angebot ist vielf\u00e4ltig und ich bin auch aufgeschlossen, wenn es um Deine W\u00fcnsche geht (so lange sie mit den Meinigen vereinbar sind) &#8211; Es gibt Tabus, die Du zu akzeptieren hast. Am Besten Du fragst nicht einmal danach.<\/p>\n<p><img loading=\"lazy\" decoding=\"async\" class=\"aligncenter wp-image-603\" src=\"http:\/\/www.domina-escort.at\/fiona\/wp-content\/uploads\/IMG_9737_i.jpg\" alt=\"\" width=\"500\" height=\"333\" srcset=\"http:\/\/www.domina-escort.at\/fiona\/wp-content\/uploads\/IMG_9737_i.jpg 800w, http:\/\/www.domina-escort.at\/fiona\/wp-content\/uploads\/IMG_9737_i-300x200.jpg 300w, http:\/\/www.domina-escort.at\/fiona\/wp-content\/uploads\/IMG_9737_i-768x512.jpg 768w, http:\/\/www.domina-escort.at\/fiona\/wp-content\/uploads\/IMG_9737_i-370x247.jpg 370w\" sizes=\"auto, (max-width: 500px) 100vw, 500px\" \/><\/p>\n<figure id=\"attachment_16\" aria-describedby=\"caption-attachment-16\" style=\"width: 400px\" class=\"wp-caption alignleft\"><img loading=\"lazy\" decoding=\"async\" class=\"wp-image-16\" src=\"http:\/\/www.domina-escort.at\/fiona\/wp-content\/uploads\/MG_4447-300x200.jpg\" alt=\"Fiona - Domina in Wien\" width=\"400\" height=\"267\" srcset=\"http:\/\/www.domina-escort.at\/fiona\/wp-content\/uploads\/MG_4447-300x200.jpg 300w, http:\/\/www.domina-escort.at\/fiona\/wp-content\/uploads\/MG_4447-768x512.jpg 768w, http:\/\/www.domina-escort.at\/fiona\/wp-content\/uploads\/MG_4447-370x247.jpg 370w, http:\/\/www.domina-escort.at\/fiona\/wp-content\/uploads\/MG_4447.jpg 900w\" sizes=\"auto, (max-width: 400px) 100vw, 400px\" \/><figcaption id=\"caption-attachment-16\" class=\"wp-caption-text\">dominanter Hausbesuch<\/figcaption><\/figure>\n<p>&nbsp;<\/p>\n<p style=\"text-align: left;\">Wer jedoch den Mut hat das Spiel mit der dominanten Erotik zu wagen, wird sich in meinen zarten und zugleich strengen H\u00e4nden gut aufgehoben f\u00fchlen. Mein Stil schwebt zwischen s\u00fc\u00dfen Schmerz und einem rechtzeitigen Auffangen. Das Ausloten Deiner Fantasien und Grenzen ist das, was mir Freude bereitet.<\/p>\n<p style=\"text-align: left;\">Jetzt ist eigentlich nur mehr zu kl\u00e4ren, wann und wo? Worauf wartest Du? <strong>M\u00f6glich sind dominante Hausbesuche oder Hotelbesuche, Begleitungen als strenger Escort in Wien und Umgebung. <\/strong>Auf Anfrage auch in den Bundesl\u00e4ndern<\/p>\n<p style=\"text-align: left;\">. <a href=\"http:\/\/www.domina-escort.at\/fiona\/kontakt\/\">Hier geht es zur Kontaktseite<\/a><\/p>\n<p style=\"text-align: left;\">Hast Du Fragen zum Service? Dann empfehle ich Dir <a href=\"http:\/\/www.domina-escort.at\/fiona\/vorlieben\/\">diese Seite<\/a>. Oder m\u00f6chtest Du mehr von mir sehen? So besuche meine <a href=\"http:\/\/www.domina-escort.at\/fiona\/lady-fiona-domina-in-wien\/\">Galerie&#8230;.<\/a><\/p>\n<blockquote>\n<p style=\"text-align: left;\">Das Menu dieser Seite erreichst Du, wenn Du &#8222;oben links&#8220; auf das Symbol mit den 3 Strichen klickst<\/p>\n<p style=\"text-align: left;\">&nbsp;<\/p>\n<\/blockquote>\n<div>&nbsp;<\/div>\n<div>&nbsp;<\/div>\n<div>&nbsp;<\/div>\n","protected":false},"excerpt":{"rendered":"<p>dominante, erotische, aber auch konsequente Escort- oder Hausbesuche in und rund um Wien und in Nieder\u00f6sterreich&#8230;. Buchungen sind wieder m\u00f6glich! Wenn die Vorstellung f\u00fcr Dich reizvoll ist, so solltest Du Dir ein wenig Zeit nehmen[&#8230;]<\/p>\n","protected":false},"author":1,"featured_media":0,"parent":0,"menu_order":0,"comment_status":"closed","ping_status":"closed","template":"","meta":{"ngg_post_thumbnail":0,"footnotes":""},"class_list":["post-12","page","type-page","status-publish","hentry"],"aioseo_notices":[],"_links":{"self":[{"href":"http:\/\/www.domina-escort.at\/fiona\/wp-json\/wp\/v2\/pages\/12","targetHints":{"allow":["GET"]}}],"collection":[{"href":"http:\/\/www.domina-escort.at\/fiona\/wp-json\/wp\/v2\/pages"}],"about":[{"href":"http:\/\/www.domina-escort.at\/fiona\/wp-json\/wp\/v2\/types\/page"}],"author":[{"embeddable":true,"href":"http:\/\/www.domina-escort.at\/fiona\/wp-json\/wp\/v2\/users\/1"}],"replies":[{"embeddable":true,"href":"http:\/\/www.domina-escort.at\/fiona\/wp-json\/wp\/v2\/comments?post=12"}],"version-history":[{"count":0,"href":"http:\/\/www.domina-escort.at\/fiona\/wp-json\/wp\/v2\/pages\/12\/revisions"}],"wp:attachment":[{"href":"http:\/\/www.domina-escort.at\/fiona\/wp-json\/wp\/v2\/media?parent=12"}],"curies":[{"name":"wp","href":"https:\/\/api.w.org\/{rel}","templated":true}]}}