{"id":386,"date":"2017-01-30T02:14:29","date_gmt":"2017-01-30T01:14:29","guid":{"rendered":"http:\/\/www.domina-escort.at\/fiona\/?page_id=386"},"modified":"2017-01-30T02:29:35","modified_gmt":"2017-01-30T01:29:35","slug":"sitemap","status":"publish","type":"page","link":"http:\/\/www.domina-escort.at\/fiona\/sitemap\/","title":{"rendered":"Sitemap"},"content":{"rendered":"<h1 style=\"text-align: center;\">Wegweiser von domina-escort.at<\/h1>\n<blockquote>\n<h2 style=\"text-align: center;\">die dunklen Seiten der Domina Fiona aus Wien<\/h2>\n<h2 style=\"text-align: center;\">findest Du am Besten bei einem Date<\/h2>\n<\/blockquote>\n<p style=\"text-align: center;\"><span style=\"color: #ffffff;\">______________________<\/span><\/p>\n<p>&nbsp;<\/p>\n<p>&nbsp;<\/p>\n<figure id=\"attachment_22\" aria-describedby=\"caption-attachment-22\" style=\"width: 533px\" class=\"wp-caption alignright\"><img loading=\"lazy\" decoding=\"async\" class=\"wp-image-22 size-full\" src=\"http:\/\/www.domina-escort.at\/fiona\/wp-content\/uploads\/MG_4444.jpg\" alt=\"Domina Wien - Escort Hausbesuch Hotelbesuch\" width=\"533\" height=\"800\" srcset=\"http:\/\/www.domina-escort.at\/fiona\/wp-content\/uploads\/MG_4444.jpg 533w, http:\/\/www.domina-escort.at\/fiona\/wp-content\/uploads\/MG_4444-200x300.jpg 200w, http:\/\/www.domina-escort.at\/fiona\/wp-content\/uploads\/MG_4444-370x555.jpg 370w\" sizes=\"auto, (max-width: 533px) 100vw, 533px\" \/><figcaption id=\"caption-attachment-22\" class=\"wp-caption-text\">Domina Wien &#8211; Escort Hausbesuch Hotelbesuch<\/figcaption><\/figure>\n<p>&nbsp;<\/p>\n<p>&nbsp;<\/p>\n<p style=\"padding-left: 30px;\"><ul><li class=\"page_item page-item-12\"><a href=\"http:\/\/www.domina-escort.at\/fiona\/\">Fiona &#8211; Domina in Wien und Nieder\u00f6sterreich<\/a><\/li>\n<li class=\"page_item page-item-40\"><a href=\"http:\/\/www.domina-escort.at\/fiona\/ueber-mich\/\">\u00dcber mich<\/a><\/li>\n<li class=\"page_item page-item-72 page_item_has_children\"><a href=\"http:\/\/www.domina-escort.at\/fiona\/vorlieben\/\">Vorlieben<\/a>\n<ul class='children'>\n\t<li class=\"page_item page-item-561\"><a href=\"http:\/\/www.domina-escort.at\/fiona\/vorlieben\/krankenschwester\/\">Krankenschwester<\/a><\/li>\n\t<li class=\"page_item page-item-363\"><a href=\"http:\/\/www.domina-escort.at\/fiona\/vorlieben\/mach-mir-freude\/\">Mach mir Freude&#8230;..<\/a><\/li>\n<\/ul>\n<\/li>\n<li class=\"page_item page-item-65\"><a href=\"http:\/\/www.domina-escort.at\/fiona\/lady-fiona-domina-in-wien\/\">Galerie<\/a><\/li>\n<li class=\"page_item page-item-87\"><a href=\"http:\/\/www.domina-escort.at\/fiona\/kontakt\/\">Kontakt<\/a><\/li>\n<li class=\"page_item page-item-113\"><a href=\"http:\/\/www.domina-escort.at\/fiona\/empfehlungen\/\">Empfehlungen<\/a><\/li>\n<li class=\"page_item page-item-101\"><a href=\"http:\/\/www.domina-escort.at\/fiona\/impressum\/\">Impressum<\/a><\/li>\n<li class=\"page_item page-item-386\"><a href=\"http:\/\/www.domina-escort.at\/fiona\/sitemap\/\">Sitemap<\/a><\/li>\n<\/ul><\/p>\n<p style=\"padding-left: 30px;\">&nbsp;<\/p>\n<p style=\"padding-left: 30px;\">Die <a href=\"http:\/\/www.domina-escort.at\">Indexseite<\/a> von domina-escort.at<\/p>\n<p style=\"padding-left: 30px;\">Die <a href=\"http:\/\/www.domina-escort.at\/fiona\/\">Begr\u00fc\u00dfungsseite <\/a>&#8211; Die ersten Informationen worum geht es denn auf dieser Webseite \u00fcberhaupt<\/p>\n<p style=\"padding-left: 30px;\"><a href=\"http:\/\/www.domina-escort.at\/fiona\/ueber-mich\/\">\u00dcber mich<\/a> &#8211; wer steht hinter domina-escort?<\/p>\n<p style=\"padding-left: 30px;\"><a href=\"http:\/\/www.domina-escort.at\/fiona\/vorlieben\/\">Vorlieben<\/a> &#8211; was kannst Du bei mir erleben, wenn Du Dich f\u00fcr einen Escort oder Hausbesuch bzw. Hotelbesuch mit mir entscheidest? Hier findest Du auch Infos \u00fcber die Dinge, die ich so gar nicht mag<\/p>\n<p style=\"padding-left: 30px;\"><a href=\"http:\/\/www.domina-escort.at\/fiona\/vorlieben\/mach-mir-freude\/\">Mache mir eine Freude<\/a> &#8211; was darfst Du mir mitbringen? Wer mir eine spezielle Freude anl\u00e4sslich einer Buchung machen m\u00f6chte, wird hier informiert<\/p>\n<p style=\"padding-left: 30px;\"><a href=\"http:\/\/www.domina-escort.at\/fiona\/lady-fiona-domina-in-wien\/\">Galerie<\/a> &#8211; Eine kleiner Vorgeschmack, was ich optisch so biete. Die Fotos sind echt und gro\u00dfteils Out of the Cam, also nicht retouchiert. Das ich mein Gesicht auf der Webseite nicht zeige hat nichts mit meinem Aussehen, sondern mit Diskretion zu tun und sollte verst\u00e4ndlich sein. Aber ich kann Dich beruhigen: Bis jetzt hat sich noch Keiner beschwert.<\/p>\n<p style=\"padding-left: 30px;\"><a href=\"http:\/\/www.domina-escort.at\/fiona\/kontakt\/\">Kontakt<\/a> &#8211; Wie kannst Du einen Termin f\u00f6r einen dominanten Hausbesuch oder Hotelbesuch buchen? Du solltest ungef\u00e4hr wissen was Du Dir vorstellst und Dir sicher sein, dass Du auch einen realen Termin w\u00fcnscht? Hast Du ihn Dir verdient, dann solltest Du mich nicht zu lange warten lassen.<\/p>\n<p style=\"padding-left: 30px;\"><a href=\"http:\/\/www.domina-escort.at\/fiona\/empfehlungen\/\">Empfehlungen <\/a>&#8211; Was empfehle ich f\u00fcr Locations usw. Auch andere Webseiten werden hier verlinkt, wenn sie mir empfehlenswert erscheinen.<\/p>\n<p style=\"padding-left: 30px;\"><a href=\"http:\/\/www.domina-escort.at\/fiona\/impressum\/\">Impressum <\/a>&#8211; das Rechtliche<\/p>\n<h3 style=\"text-align: center;\">Brutalit\u00e4t oder Respektlosigkeit ist mit mir nicht vereinbar<\/h3>\n<h3 style=\"text-align: center;\">Eine gelungene Session basiert auf Vertrauen und zielt darauf ab beiden Akteuren zu gefallen<\/h3>\n<p style=\"padding-left: 30px; text-align: center;\">&nbsp;<\/p>\n<p>&nbsp;<\/p>\n","protected":false},"excerpt":{"rendered":"<p>Wegweiser von domina-escort.at die dunklen Seiten der Domina Fiona aus Wien findest Du am Besten bei einem Date ______________________ &nbsp; &nbsp; &nbsp; &nbsp; &nbsp; Die Indexseite von domina-escort.at Die Begr\u00fc\u00dfungsseite &#8211; Die ersten Informationen worum[&#8230;]<\/p>\n","protected":false},"author":1,"featured_media":0,"parent":0,"menu_order":12,"comment_status":"closed","ping_status":"closed","template":"","meta":{"ngg_post_thumbnail":0,"footnotes":""},"class_list":["post-386","page","type-page","status-publish","hentry"],"aioseo_notices":[],"_links":{"self":[{"href":"http:\/\/www.domina-escort.at\/fiona\/wp-json\/wp\/v2\/pages\/386","targetHints":{"allow":["GET"]}}],"collection":[{"href":"http:\/\/www.domina-escort.at\/fiona\/wp-json\/wp\/v2\/pages"}],"about":[{"href":"http:\/\/www.domina-escort.at\/fiona\/wp-json\/wp\/v2\/types\/page"}],"author":[{"embeddable":true,"href":"http:\/\/www.domina-escort.at\/fiona\/wp-json\/wp\/v2\/users\/1"}],"replies":[{"embeddable":true,"href":"http:\/\/www.domina-escort.at\/fiona\/wp-json\/wp\/v2\/comments?post=386"}],"version-history":[{"count":0,"href":"http:\/\/www.domina-escort.at\/fiona\/wp-json\/wp\/v2\/pages\/386\/revisions"}],"wp:attachment":[{"href":"http:\/\/www.domina-escort.at\/fiona\/wp-json\/wp\/v2\/media?parent=386"}],"curies":[{"name":"wp","href":"https:\/\/api.w.org\/{rel}","templated":true}]}}