{"id":561,"date":"2020-07-20T16:58:45","date_gmt":"2020-07-20T14:58:45","guid":{"rendered":"http:\/\/www.domina-escort.at\/fiona\/?page_id=561"},"modified":"2020-07-20T17:11:10","modified_gmt":"2020-07-20T15:11:10","slug":"krankenschwester","status":"publish","type":"page","link":"http:\/\/www.domina-escort.at\/fiona\/vorlieben\/krankenschwester\/","title":{"rendered":"Krankenschwester"},"content":{"rendered":"<p><img loading=\"lazy\" decoding=\"async\" class=\"wp-image-563 size-medium alignleft\" src=\"http:\/\/www.domina-escort.at\/fiona\/wp-content\/uploads\/IMG_0196-533x800-1-200x300.jpg\" alt=\"\" width=\"200\" height=\"300\" srcset=\"http:\/\/www.domina-escort.at\/fiona\/wp-content\/uploads\/IMG_0196-533x800-1-200x300.jpg 200w, http:\/\/www.domina-escort.at\/fiona\/wp-content\/uploads\/IMG_0196-533x800-1-370x555.jpg 370w, http:\/\/www.domina-escort.at\/fiona\/wp-content\/uploads\/IMG_0196-533x800-1.jpg 533w\" sizes=\"auto, (max-width: 200px) 100vw, 200px\" \/>Wer Sehnsucht nach einer sanft-strengen Hand hat, die sich auf Deine Bed\u00fcrfnisse einl\u00e4sst, ist hier richtig.<\/p>\n<p>&nbsp;<\/p>\n<p>Schwester Fiona testet Deine Funktionsf\u00e4higkeit sowie Kondition und erstellt einen streng motivierenden Behandlungsplan nach ihrem Gutd\u00fcnken und Deinem Ausbildungsstand.<\/p>\n<p>Alles was unter die Haut geht (Nadelungen und Unterspritzung zum Beispiel) ist nicht im Therapieplan vorgesehen. Es geht um durchblutungs- und gesundheitsf\u00f6rdernde Ma\u00dfnahmen, mit einem Schuss Erotik gew\u00fcrzt.<\/p>\n<p>Sollte es Dein Zustand verlangen, k\u00f6nnen auch weitere unterst\u00fctzende Behandlungen, wie etwa Einl\u00e4ufe,&nbsp; verordnet werden.<\/p>\n<p>&nbsp;<\/p>\nngg_shortcode_0_placeholder\n","protected":false},"excerpt":{"rendered":"<p>Wer Sehnsucht nach einer sanft-strengen Hand hat, die sich auf Deine Bed\u00fcrfnisse einl\u00e4sst, ist hier richtig. &nbsp; Schwester Fiona testet Deine Funktionsf\u00e4higkeit sowie Kondition und erstellt einen streng motivierenden Behandlungsplan nach ihrem Gutd\u00fcnken und Deinem[&#8230;]<\/p>\n","protected":false},"author":1,"featured_media":0,"parent":72,"menu_order":0,"comment_status":"closed","ping_status":"closed","template":"","meta":{"ngg_post_thumbnail":0,"footnotes":""},"class_list":["post-561","page","type-page","status-publish","hentry"],"aioseo_notices":[],"_links":{"self":[{"href":"http:\/\/www.domina-escort.at\/fiona\/wp-json\/wp\/v2\/pages\/561","targetHints":{"allow":["GET"]}}],"collection":[{"href":"http:\/\/www.domina-escort.at\/fiona\/wp-json\/wp\/v2\/pages"}],"about":[{"href":"http:\/\/www.domina-escort.at\/fiona\/wp-json\/wp\/v2\/types\/page"}],"author":[{"embeddable":true,"href":"http:\/\/www.domina-escort.at\/fiona\/wp-json\/wp\/v2\/users\/1"}],"replies":[{"embeddable":true,"href":"http:\/\/www.domina-escort.at\/fiona\/wp-json\/wp\/v2\/comments?post=561"}],"version-history":[{"count":0,"href":"http:\/\/www.domina-escort.at\/fiona\/wp-json\/wp\/v2\/pages\/561\/revisions"}],"up":[{"embeddable":true,"href":"http:\/\/www.domina-escort.at\/fiona\/wp-json\/wp\/v2\/pages\/72"}],"wp:attachment":[{"href":"http:\/\/www.domina-escort.at\/fiona\/wp-json\/wp\/v2\/media?parent=561"}],"curies":[{"name":"wp","href":"https:\/\/api.w.org\/{rel}","templated":true}]}}