{"id":72,"date":"2017-01-16T22:09:20","date_gmt":"2017-01-16T21:09:20","guid":{"rendered":"http:\/\/www.domina-escort.at\/fiona\/?page_id=72"},"modified":"2025-08-09T20:06:12","modified_gmt":"2025-08-09T18:06:12","slug":"vorlieben","status":"publish","type":"page","link":"http:\/\/www.domina-escort.at\/fiona\/vorlieben\/","title":{"rendered":"Vorlieben"},"content":{"rendered":"<h3>Meine Vorlieben sind vielf\u00e4ltig &#8211; hier nur ein kleiner Auszug:<\/h3>\n<p style=\"padding-left: 180px;\">Spanking (!) mit Hand, Peitsche oder was mir gerade in die Finger kommt. <img loading=\"lazy\" decoding=\"async\" class=\"alignright wp-image-614\" src=\"http:\/\/www.domina-escort.at\/fiona\/wp-content\/uploads\/IMG_9805-1024x683.jpg\" alt=\"\" width=\"300\" height=\"200\" srcset=\"http:\/\/www.domina-escort.at\/fiona\/wp-content\/uploads\/IMG_9805-1024x683.jpg 1024w, http:\/\/www.domina-escort.at\/fiona\/wp-content\/uploads\/IMG_9805-300x200.jpg 300w, http:\/\/www.domina-escort.at\/fiona\/wp-content\/uploads\/IMG_9805-768x512.jpg 768w, http:\/\/www.domina-escort.at\/fiona\/wp-content\/uploads\/IMG_9805-1536x1024.jpg 1536w, http:\/\/www.domina-escort.at\/fiona\/wp-content\/uploads\/IMG_9805-2048x1365.jpg 2048w, http:\/\/www.domina-escort.at\/fiona\/wp-content\/uploads\/IMG_9805-370x247.jpg 370w, http:\/\/www.domina-escort.at\/fiona\/wp-content\/uploads\/IMG_9805-1040x693.jpg 1040w\" sizes=\"auto, (max-width: 300px) 100vw, 300px\" \/><\/p>\n<p style=\"padding-left: 180px;\">Ich bin keine Hardcoredomina, jedoch den Satz &#8222;das habe ich Dir nicht zugetraut&#8220; habe ich schon \u00f6fter geh\u00f6rt. Lass Dich einfach \u00fcberraschen!<\/p>\n<p style=\"padding-left: 180px;\">Slapping &#8211; wenn Du es verdienst, bekommst Du es auch!<\/p>\n<p style=\"padding-left: 180px;\">Facesitting (!) &#8222;so nah und doch so fern&#8220;<\/p>\n<p style=\"padding-left: 180px;\">Bondage &#8211; auch hier ist meiner Fantasie keine Grenze gesetzt<\/p>\n<p style=\"padding-left: 180px;\">Ausbildung zum Lecksklaven &#8211; ob meine F\u00fc\u00dfe verw\u00f6hnt werden wollen, oder vielleicht doch etwas Anderes, darfst Du Dir w\u00fcnschen &#8211; die Entscheidung treffe aber ich!<\/p>\n<p style=\"padding-left: 180px;\">Tease and Denial (!) &#8211; dabei bist Du v\u00f6llig in meiner Hand &#8211; winseln wird Dir nicht helfen &#8211; ob \u00fcberhaupt und wann, wird sich zeigen!<\/p>\n<p style=\"padding-left: 180px;\"><a title=\"Krankenschwester\" href=\"http:\/\/www.domina-escort.at\/fiona\/vorlieben\/krankenschwester\/\"><img loading=\"lazy\" decoding=\"async\" class=\"alignleft wp-image-668 size-medium\" src=\"http:\/\/www.domina-escort.at\/fiona\/wp-content\/uploads\/IMG_0154-532x800-2-200x300.jpg\" alt=\"\" width=\"200\" height=\"300\" srcset=\"http:\/\/www.domina-escort.at\/fiona\/wp-content\/uploads\/IMG_0154-532x800-2-200x300.jpg 200w, http:\/\/www.domina-escort.at\/fiona\/wp-content\/uploads\/IMG_0154-532x800-2-370x556.jpg 370w, http:\/\/www.domina-escort.at\/fiona\/wp-content\/uploads\/IMG_0154-532x800-2.jpg 532w\" sizes=\"auto, (max-width: 200px) 100vw, 200px\" \/><\/a>A-Massagen (!) &#8211; Mit Gef\u00fchl, aber konsequent &#8211; auch hier kann ich sehr erfinderisch sein!<\/p>\n<p style=\"padding-left: 180px;\">StrapOn &#8211; Du willst v\u00f6geln? Dann mach Dein Ges\u00e4\u00df frei \ud83d\ude42<\/p>\n<p><a title=\"Krankenschwester\" href=\"http:\/\/www.domina-escort.at\/fiona\/vorlieben\/krankenschwester\/\">Krankenschwester<\/a> (f\u00fcr mehr Info auf das nebenstehende Bild klicken)<\/p>\n<p style=\"padding-left: 180px;\">Wachs &#8211; Hei\u00dfe Spiele auf zitternder Haut<\/p>\n<p style=\"padding-left: 180px;\">Fu\u00dferotik &#8211; Gerne doch!<\/p>\n<p style=\"padding-left: 180px;\">Wehrlosmassagen (!) &#8211; f\u00fcr die Mutigen, die sich v\u00f6llig meiner Lust unterwerfen wollen!<\/p>\n<p style=\"padding-left: 180px;\">Lustsklavenerziehung &#8211; Hei\u00dft nichts Anderes als dass ich Deine Lust kontrolliere &#8211; und meiner v\u00f6llig unterordne!<\/p>\n<p style=\"padding-left: 180px;\">Keuschhaltung &#8211; Na klar!<\/p>\n<p style=\"padding-left: 180px;\">Rollenspiele &#8211; Ob&nbsp; unzufriedene Chefin, oder strenge Lehrerin &#8211; ich zeige Dir schon, was Du zu tun hast! Wenn Du eine <img loading=\"lazy\" decoding=\"async\" class=\"alignright wp-image-8 size-medium\" src=\"http:\/\/www.domina-escort.at\/fiona\/wp-content\/uploads\/2017\/01\/MG_4676-1-300x200.jpg\" alt=\"\" width=\"300\" height=\"200\" srcset=\"http:\/\/www.domina-escort.at\/fiona\/wp-content\/uploads\/2017\/01\/MG_4676-1-300x200.jpg 300w, http:\/\/www.domina-escort.at\/fiona\/wp-content\/uploads\/2017\/01\/MG_4676-1-768x512.jpg 768w, http:\/\/www.domina-escort.at\/fiona\/wp-content\/uploads\/2017\/01\/MG_4676-1-370x247.jpg 370w, http:\/\/www.domina-escort.at\/fiona\/wp-content\/uploads\/2017\/01\/MG_4676-1.jpg 900w\" sizes=\"auto, (max-width: 300px) 100vw, 300px\" \/>spezielle Fantasie auf diesem Gebiet hast, darfst Du mich bei der Terminvereinbarung danach fragen.&nbsp;<\/p>\n<p style=\"padding-left: 180px;\">Natursekt oder Spitting, sowie Nylons, Strumpfhosen und Highheels sind nur einige der weiteren M\u00f6glichkeiten.<\/p>\n<p style=\"padding-left: 180px;\">Verschiedenste Fetische &#8211; mir fallen noch viele Dinge ein, die ich mit Dir anstellen kann und auch werde. &#8211; lass Dich \u00fcberraschen.<\/p>\n<p style=\"padding-left: 180px;\"><img loading=\"lazy\" decoding=\"async\" class=\"alignleft wp-image-80 size-medium\" src=\"http:\/\/www.domina-escort.at\/fiona\/wp-content\/uploads\/MG_4549-300x200.jpg\" alt=\"\" width=\"300\" height=\"200\" srcset=\"http:\/\/www.domina-escort.at\/fiona\/wp-content\/uploads\/MG_4549-300x200.jpg 300w, http:\/\/www.domina-escort.at\/fiona\/wp-content\/uploads\/MG_4549-768x512.jpg 768w, http:\/\/www.domina-escort.at\/fiona\/wp-content\/uploads\/MG_4549-370x247.jpg 370w, http:\/\/www.domina-escort.at\/fiona\/wp-content\/uploads\/MG_4549.jpg 900w\" sizes=\"auto, (max-width: 300px) 100vw, 300px\" \/>Auch Du kannst vorsichtig und h\u00f6flich nach der Umsetzung Deiner Fantasien fragen. Vielleicht entdecken wir gemeinsam, was uns Spa\u00df macht.<\/p>\n<p style=\"padding-left: 180px;\">Was ich aber nicht mache ist, Wunschzettel abzuarbeiten!<\/p>\n<div dir=\"ltr\">\n<blockquote>\n<div>Blut und Kaviar, sowie alles was unter die Haut geht, finde ich so gar nicht erregend, sowie bleibende Spuren sind auch nicht meines&#8230; wobei ich rote Backen den blassen vorziehe. Also keine Angst, es gibt genug zu sp\u00fcren&#8230;. oder vielleicht solltest Du gerade deshalb ein wenig \u00e4ngstlich sein?<\/div>\n<\/blockquote>\n<\/div>\n<h3 style=\"padding-left: 180px; text-align: center;\">Meine Sessions sind immer individuell und unvorhersehbar! Aber gerade dadurch ist die Spannung garantiert.<\/h3>\n<h3 style=\"text-align: center;\">Diskretion, Sauberkeit, Ehrlichkeit und vor Allem: Respekt!<\/h3>\n<h3 style=\"text-align: center;\">Die Grundlage f\u00fcr eine gelungene Session!<\/h3>\n<h3 style=\"text-align: center;\">M\u00f6glich sind: Begleitung als dominanter Escort oder Hausbesuch und Hotelbesuch in Wien<\/h3>\n<p style=\"text-align: center;\"><a href=\"http:\/\/www.domina-escort.at\/fiona\/vorlieben\/mach-mir-freude\/\">&nbsp;wie Du mir eine Freude bereiten kannst, erf\u00e4hrst Du hier!<\/a><\/p>\n<p>&nbsp;<\/p>\n<p>&nbsp;<\/p>\n<p><img loading=\"lazy\" decoding=\"async\" class=\"aligncenter wp-image-700\" src=\"http:\/\/www.domina-escort.at\/fiona\/wp-content\/uploads\/Fio-752x1024.jpg\" alt=\"\" width=\"300\" height=\"408\" srcset=\"http:\/\/www.domina-escort.at\/fiona\/wp-content\/uploads\/Fio-752x1024.jpg 752w, http:\/\/www.domina-escort.at\/fiona\/wp-content\/uploads\/Fio-220x300.jpg 220w, http:\/\/www.domina-escort.at\/fiona\/wp-content\/uploads\/Fio-768x1045.jpg 768w, http:\/\/www.domina-escort.at\/fiona\/wp-content\/uploads\/Fio-370x504.jpg 370w, http:\/\/www.domina-escort.at\/fiona\/wp-content\/uploads\/Fio-1040x1416.jpg 1040w, http:\/\/www.domina-escort.at\/fiona\/wp-content\/uploads\/Fio.jpg 1102w\" sizes=\"auto, (max-width: 300px) 100vw, 300px\" \/><\/p>\n","protected":false},"excerpt":{"rendered":"<p>Meine Vorlieben sind vielf\u00e4ltig &#8211; hier nur ein kleiner Auszug: Spanking (!) mit Hand, Peitsche oder was mir gerade in die Finger kommt. Ich bin keine Hardcoredomina, jedoch den Satz &#8222;das habe ich Dir nicht[&#8230;]<\/p>\n","protected":false},"author":1,"featured_media":0,"parent":0,"menu_order":2,"comment_status":"closed","ping_status":"closed","template":"","meta":{"ngg_post_thumbnail":0,"footnotes":""},"class_list":["post-72","page","type-page","status-publish","hentry"],"aioseo_notices":[],"_links":{"self":[{"href":"http:\/\/www.domina-escort.at\/fiona\/wp-json\/wp\/v2\/pages\/72","targetHints":{"allow":["GET"]}}],"collection":[{"href":"http:\/\/www.domina-escort.at\/fiona\/wp-json\/wp\/v2\/pages"}],"about":[{"href":"http:\/\/www.domina-escort.at\/fiona\/wp-json\/wp\/v2\/types\/page"}],"author":[{"embeddable":true,"href":"http:\/\/www.domina-escort.at\/fiona\/wp-json\/wp\/v2\/users\/1"}],"replies":[{"embeddable":true,"href":"http:\/\/www.domina-escort.at\/fiona\/wp-json\/wp\/v2\/comments?post=72"}],"version-history":[{"count":0,"href":"http:\/\/www.domina-escort.at\/fiona\/wp-json\/wp\/v2\/pages\/72\/revisions"}],"wp:attachment":[{"href":"http:\/\/www.domina-escort.at\/fiona\/wp-json\/wp\/v2\/media?parent=72"}],"curies":[{"name":"wp","href":"https:\/\/api.w.org\/{rel}","templated":true}]}}